{"id":2314,"date":"2026-02-17T05:13:22","date_gmt":"2026-02-17T05:13:22","guid":{"rendered":"https:\/\/parkiigo.com\/blog\/?page_id=2314"},"modified":"2026-02-17T22:45:22","modified_gmt":"2026-02-17T22:45:22","slug":"porque-parkiigo","status":"publish","type":"page","link":"https:\/\/parkiigo.com\/blog\/porque-parkiigo\/","title":{"rendered":"por que elegirnos"},"content":{"rendered":"\t\t<div data-elementor-type=\"wp-page\" data-elementor-id=\"2314\" class=\"elementor elementor-2314\" data-elementor-post-type=\"page\">\n\t\t\t\t<div class=\"elementor-element elementor-element-b7afb9a e-flex e-con-boxed e-con e-parent\" data-id=\"b7afb9a\" data-element_type=\"container\" data-e-type=\"container\">\n\t\t\t\t\t<div class=\"e-con-inner\">\n\t\t<div class=\"elementor-element elementor-element-8eb22c1 e-con-full e-flex e-con e-child\" data-id=\"8eb22c1\" data-element_type=\"container\" data-e-type=\"container\" data-settings=\"{&quot;background_background&quot;:&quot;gradient&quot;}\">\n\t\t\t\t<div class=\"elementor-element elementor-element-5f76ff6 elementor-widget elementor-widget-image\" data-id=\"5f76ff6\" data-element_type=\"widget\" data-e-type=\"widget\" data-widget_type=\"image.default\">\n\t\t\t\t<div class=\"elementor-widget-container\">\n\t\t\t\t\t\t\t\t\t\t\t\t\t\t\t<img decoding=\"async\" width=\"300\" height=\"100\" src=\"https:\/\/parkiigo.com\/blog\/wp-content\/uploads\/2026\/02\/cropped-LOGO-PARKIIGO-233-122x41.png\" class=\"attachment-medium size-medium wp-image-2211\" alt=\"\" srcset=\"https:\/\/parkiigo.com\/blog\/wp-content\/uploads\/2026\/02\/cropped-LOGO-PARKIIGO-233-300x100.png 300w, https:\/\/parkiigo.com\/blog\/wp-content\/uploads\/2026\/02\/cropped-LOGO-PARKIIGO-233-768x256.png 768w, https:\/\/parkiigo.com\/blog\/wp-content\/uploads\/2026\/02\/cropped-LOGO-PARKIIGO-233-122x41.png 122w, https:\/\/parkiigo.com\/blog\/wp-content\/uploads\/2026\/02\/cropped-LOGO-PARKIIGO-233.png 1020w\" sizes=\"(max-width: 300px) 100vw, 300px\" \/>\t\t\t\t\t\t\t\t\t\t\t\t\t\t\t<\/div>\n\t\t\t\t<\/div>\n\t\t\t\t<div class=\"elementor-element elementor-element-c6646bd elementor-widget elementor-widget-heading\" data-id=\"c6646bd\" data-element_type=\"widget\" data-e-type=\"widget\" data-widget_type=\"heading.default\">\n\t\t\t\t<div class=\"elementor-widget-container\">\n\t\t\t\t\t<h2 class=\"elementor-heading-title elementor-size-default\"><span style=\"font-size: 18px\">Nuestras <\/span><br>Novedades<\/h2>\t\t\t\t<\/div>\n\t\t\t\t<\/div>\n\t\t\t\t<div class=\"elementor-element elementor-element-7e5b613 elementor-widget elementor-widget-text-editor\" data-id=\"7e5b613\" data-element_type=\"widget\" data-e-type=\"widget\" data-widget_type=\"text-editor.default\">\n\t\t\t\t<div class=\"elementor-widget-container\">\n\t\t\t\t\t\t\t\t\t<p>En Parkii Go mejoramos constantemente. Por eso te contamos los nuevos desarrollos en nuestra plataforma<\/p>\t\t\t\t\t\t\t\t<\/div>\n\t\t\t\t<\/div>\n\t\t\t\t<\/div>\n\t\t\t\t<div class=\"elementor-element elementor-element-aedbccb elementor-grid-1 whycss elementor-grid-tablet-2 elementor-grid-mobile-1 elementor-posts--thumbnail-top elementor-card-shadow-yes elementor-posts__hover-gradient elementor-widget elementor-widget-posts\" data-id=\"aedbccb\" data-element_type=\"widget\" data-e-type=\"widget\" data-settings=\"{&quot;cards_columns&quot;:&quot;1&quot;,&quot;cards_row_gap&quot;:{&quot;unit&quot;:&quot;px&quot;,&quot;size&quot;:&quot;&quot;,&quot;sizes&quot;:[]},&quot;cards_columns_tablet&quot;:&quot;2&quot;,&quot;cards_columns_mobile&quot;:&quot;1&quot;,&quot;cards_row_gap_tablet&quot;:{&quot;unit&quot;:&quot;px&quot;,&quot;size&quot;:&quot;&quot;,&quot;sizes&quot;:[]},&quot;cards_row_gap_mobile&quot;:{&quot;unit&quot;:&quot;px&quot;,&quot;size&quot;:&quot;&quot;,&quot;sizes&quot;:[]}}\" data-widget_type=\"posts.cards\">\n\t\t\t\t<div class=\"elementor-widget-container\">\n\t\t\t\t\t\t\t<div class=\"elementor-posts-container elementor-posts elementor-posts--skin-cards elementor-grid\" role=\"list\">\n\t\t\t\t<article class=\"elementor-post elementor-grid-item post-2490 post type-post status-publish format-standard hentry category-update\" role=\"listitem\">\n\t\t\t<div class=\"elementor-post__card\">\n\t\t\t\t<div class=\"elementor-post__text\">\n\t\t\t\t<h3 class=\"elementor-post__title\">\n\t\t\t<a href=\"https:\/\/parkiigo.com\/blog\/2490-2\/\" >\n\t\t\t\tParkiiGo &#8211; Nueva versi\u00f3n 1.5.0\t\t\t<\/a>\n\t\t<\/h3>\n\t\t\t\t<div class=\"elementor-post__excerpt\">\n\t\t\t<p>ENTRADA EXPRESS: Hemos simplificado el registro. Ahora puedes ingresar veh\u00edculos en segundos, reduciendo filas y esperas significativamente. IMPRESI\u00d3N REFACTORIZADA: Dile adi\u00f3s a las demoras. Nuestra nueva arquitectura de impresi\u00f3n permite una conexi\u00f3n ultra-estable con impresoras locales, Bluetooth y Red. GESTI\u00d3N DE DEVOLUCIONES EN CAJA: Nueva l\u00f3gica de \u00abDevoluciones\u00bb que garantiza<\/p>\n\t\t<\/div>\n\t\t\t\t\t<div class=\"elementor-post__read-more-wrapper\">\n\t\t\n\t\t<a class=\"elementor-post__read-more\" href=\"https:\/\/parkiigo.com\/blog\/2490-2\/\" aria-label=\"Read more about ParkiiGo &#8211; Nueva versi\u00f3n 1.5.0\" tabindex=\"-1\" >\n\t\t\t\t\t<\/a>\n\n\t\t\t\t\t<\/div>\n\t\t\t\t<\/div>\n\t\t\t\t\t<\/div>\n\t\t<\/article>\n\t\t\t\t<article class=\"elementor-post elementor-grid-item post-2486 post type-post status-publish format-standard hentry category-update\" role=\"listitem\">\n\t\t\t<div class=\"elementor-post__card\">\n\t\t\t\t<div class=\"elementor-post__text\">\n\t\t\t\t<h3 class=\"elementor-post__title\">\n\t\t\t<a href=\"https:\/\/parkiigo.com\/blog\/parkiigo-nueva-version-1-4\/\" >\n\t\t\t\tParkiiGo &#8211; Nueva versi\u00f3n 1.4.0\t\t\t<\/a>\n\t\t<\/h3>\n\t\t\t\t<div class=\"elementor-post__excerpt\">\n\t\t\t<p>La tecnolog\u00eda de punta llega por fin a tu parqueadero para automatizar lo que antes era manual. RECONOCIMIENTO DE PLACAS (LPR BETA): Iniciamos la fase de reconocimiento autom\u00e1tico mediante c\u00e1maras integradas directamente en el sistema. MOTOR DE INTELIGENCIA ARTIFICIAL: Aplicaci\u00f3n de modelos de visi\u00f3n artificial para identificar matr\u00edculas en tiempo<\/p>\n\t\t<\/div>\n\t\t\t\t\t<div class=\"elementor-post__read-more-wrapper\">\n\t\t\n\t\t<a class=\"elementor-post__read-more\" href=\"https:\/\/parkiigo.com\/blog\/parkiigo-nueva-version-1-4\/\" aria-label=\"Read more about ParkiiGo &#8211; Nueva versi\u00f3n 1.4.0\" tabindex=\"-1\" >\n\t\t\t\t\t<\/a>\n\n\t\t\t\t\t<\/div>\n\t\t\t\t<\/div>\n\t\t\t\t\t<\/div>\n\t\t<\/article>\n\t\t\t\t<article class=\"elementor-post elementor-grid-item post-2484 post type-post status-publish format-standard hentry category-update\" role=\"listitem\">\n\t\t\t<div class=\"elementor-post__card\">\n\t\t\t\t<div class=\"elementor-post__text\">\n\t\t\t\t<h3 class=\"elementor-post__title\">\n\t\t\t<a href=\"https:\/\/parkiigo.com\/blog\/nueva-version-1-3-0\/\" >\n\t\t\t\tParkiiGo &#8211; Nueva versi\u00f3n 1.3.0\t\t\t<\/a>\n\t\t<\/h3>\n\t\t\t\t<div class=\"elementor-post__excerpt\">\n\t\t\t<p>El orden es la base de la rentabilidad, y esta semana te damos las herramientas para lograrlo. &#8211; GESTI\u00d3N INTELIGENTE DE ESPACIOS: Implementamos el inventario de cupos por piso y tipo de veh\u00edculo. Mira en tiempo real cu\u00e1ntos espacios tienes para motos, carros, bicicletas, etc. &#8211; CONTROL DE CARTERA: Estrenamos<\/p>\n\t\t<\/div>\n\t\t\t\t\t<div class=\"elementor-post__read-more-wrapper\">\n\t\t\n\t\t<a class=\"elementor-post__read-more\" href=\"https:\/\/parkiigo.com\/blog\/nueva-version-1-3-0\/\" aria-label=\"Read more about ParkiiGo &#8211; Nueva versi\u00f3n 1.3.0\" tabindex=\"-1\" >\n\t\t\t\t\t<\/a>\n\n\t\t\t\t\t<\/div>\n\t\t\t\t<\/div>\n\t\t\t\t\t<\/div>\n\t\t<\/article>\n\t\t\t\t<article class=\"elementor-post elementor-grid-item post-2481 post type-post status-publish format-standard hentry category-update\" role=\"listitem\">\n\t\t\t<div class=\"elementor-post__card\">\n\t\t\t\t<div class=\"elementor-post__text\">\n\t\t\t\t<h3 class=\"elementor-post__title\">\n\t\t\t<a href=\"https:\/\/parkiigo.com\/blog\/nueva-version-1-2-1\/\" >\n\t\t\t\tParkiiGo Nueva versi\u00f3n 1.2.1\t\t\t<\/a>\n\t\t<\/h3>\n\t\t\t\t<div class=\"elementor-post__excerpt\">\n\t\t\t<p>Nos enfocamos en el motor interno para que nada detenga tu operaci\u00f3n. OPTIMIZACI\u00d3N: Resolvimos los conflictos de estado entre scripts externos y el n\u00facleo del sistema, garantizando procesos de registro sin interrupciones. VELOCIDAD: El registro de entradas ahora es m\u00e1s ligero y r\u00e1pido, incluso con miles de registros de historial<\/p>\n\t\t<\/div>\n\t\t\t\t\t<div class=\"elementor-post__read-more-wrapper\">\n\t\t\n\t\t<a class=\"elementor-post__read-more\" href=\"https:\/\/parkiigo.com\/blog\/nueva-version-1-2-1\/\" aria-label=\"Read more about ParkiiGo Nueva versi\u00f3n 1.2.1\" tabindex=\"-1\" >\n\t\t\t\t\t<\/a>\n\n\t\t\t\t\t<\/div>\n\t\t\t\t<\/div>\n\t\t\t\t\t<\/div>\n\t\t<\/article>\n\t\t\t\t<article class=\"elementor-post elementor-grid-item post-2451 post type-post status-publish format-standard hentry category-update\" role=\"listitem\">\n\t\t\t<div class=\"elementor-post__card\">\n\t\t\t\t<div class=\"elementor-post__text\">\n\t\t\t\t<h3 class=\"elementor-post__title\">\n\t\t\t<a href=\"https:\/\/parkiigo.com\/blog\/nueva-version-1-1-0\/\" >\n\t\t\t\tNueva versi\u00f3n 1.1.0\t\t\t<\/a>\n\t\t<\/h3>\n\t\t\t\t<div class=\"elementor-post__excerpt\">\n\t\t\t<p>\ud83d\ude80 Nuevas funcionalidades Facturaci\u00f3n electr\u00f3nica integrada para Colombia (DIAN) Se implementa el nuevo m\u00f3dulo de Facturaci\u00f3n Electr\u00f3nica, permitiendo la generaci\u00f3n autom\u00e1tica de documentos electr\u00f3nicos v\u00e1lidos ante la DIAN directamente desde ParkiiGO. Incluye: Generaci\u00f3n de facturas electr\u00f3nicas desde la operaci\u00f3n del parqueadero Soporte para facturaci\u00f3n electr\u00f3nica tipo POS Generaci\u00f3n autom\u00e1tica de<\/p>\n\t\t<\/div>\n\t\t\t\t\t<div class=\"elementor-post__read-more-wrapper\">\n\t\t\n\t\t<a class=\"elementor-post__read-more\" href=\"https:\/\/parkiigo.com\/blog\/nueva-version-1-1-0\/\" aria-label=\"Read more about Nueva versi\u00f3n 1.1.0\" tabindex=\"-1\" >\n\t\t\t\t\t<\/a>\n\n\t\t\t\t\t<\/div>\n\t\t\t\t<\/div>\n\t\t\t\t\t<\/div>\n\t\t<\/article>\n\t\t\t\t<article class=\"elementor-post elementor-grid-item post-2353 post type-post status-publish format-standard has-post-thumbnail hentry category-update\" role=\"listitem\">\n\t\t\t<div class=\"elementor-post__card\">\n\t\t\t\t<a class=\"elementor-post__thumbnail__link\" href=\"https:\/\/parkiigo.com\/blog\/nueva-version-1-0-0\/\" tabindex=\"-1\" ><div class=\"elementor-post__thumbnail\"><img fetchpriority=\"high\" decoding=\"async\" width=\"1912\" height=\"920\" src=\"https:\/\/parkiigo.com\/blog\/wp-content\/uploads\/2026\/02\/logs.png\" class=\"attachment-full size-full wp-image-2423\" alt=\"\" srcset=\"https:\/\/parkiigo.com\/blog\/wp-content\/uploads\/2026\/02\/logs.png 1912w, https:\/\/parkiigo.com\/blog\/wp-content\/uploads\/2026\/02\/logs-300x144.png 300w, https:\/\/parkiigo.com\/blog\/wp-content\/uploads\/2026\/02\/logs-1024x493.png 1024w, https:\/\/parkiigo.com\/blog\/wp-content\/uploads\/2026\/02\/logs-768x370.png 768w, https:\/\/parkiigo.com\/blog\/wp-content\/uploads\/2026\/02\/logs-1536x739.png 1536w\" sizes=\"(max-width: 1912px) 100vw, 1912px\" \/><\/div><\/a>\n\t\t\t\t<div class=\"elementor-post__badge\">update<\/div>\n\t\t\t\t<div class=\"elementor-post__text\">\n\t\t\t\t<h3 class=\"elementor-post__title\">\n\t\t\t<a href=\"https:\/\/parkiigo.com\/blog\/nueva-version-1-0-0\/\" >\n\t\t\t\tNueva versi\u00f3n 1.0.0 &#8211; ParkiiGo\t\t\t<\/a>\n\t\t<\/h3>\n\t\t\t\t<div class=\"elementor-post__excerpt\">\n\t\t\t<p>\ud83d\ude80 Nuevo Onboard Configura tu sistema sin que falte nada para iniciar una correcta operaci\u00f3n de tus registros de parqueo. hemos agregado un onboarding mas intuitivo para ayudarte en el proceso de configuraci\u00f3n inicial y que no falte nada antes de crear tu primer registro. &nbsp; &nbsp; \ud83d\udd12 Trazabilidad de<\/p>\n\t\t<\/div>\n\t\t\t\t\t<div class=\"elementor-post__read-more-wrapper\">\n\t\t\n\t\t<a class=\"elementor-post__read-more\" href=\"https:\/\/parkiigo.com\/blog\/nueva-version-1-0-0\/\" aria-label=\"Read more about Nueva versi\u00f3n 1.0.0 &#8211; ParkiiGo\" tabindex=\"-1\" >\n\t\t\t\t\t<\/a>\n\n\t\t\t\t\t<\/div>\n\t\t\t\t<\/div>\n\t\t\t\t\t<\/div>\n\t\t<\/article>\n\t\t\t\t<\/div>\n\t\t\n\t\t\t\t\t\t<\/div>\n\t\t\t\t<\/div>\n\t\t\t\t\t<\/div>\n\t\t\t\t<\/div>\n\t\t<div class=\"elementor-element elementor-element-96a148d e-flex e-con-boxed e-con e-parent\" data-id=\"96a148d\" data-element_type=\"container\" data-e-type=\"container\">\n\t\t\t\t\t<div class=\"e-con-inner\">\n\t\t\t\t\t<\/div>\n\t\t\t\t<\/div>\n\t\t\t\t<\/div>\n\t\t","protected":false},"excerpt":{"rendered":"<p>Nuestras Novedades En Parkii Go mejoramos constantemente. Por eso te contamos los nuevos desarrollos en nuestra plataforma<\/p>\n","protected":false},"author":1,"featured_media":0,"parent":0,"menu_order":0,"comment_status":"closed","ping_status":"closed","template":"","meta":{"_uag_custom_page_level_css":"","_monsterinsights_skip_tracking":false,"_monsterinsights_sitenote_active":false,"_monsterinsights_sitenote_note":"","_monsterinsights_sitenote_category":0,"_uf_show_specific_survey":0,"_uf_disable_surveys":false,"site-sidebar-layout":"no-sidebar","site-content-layout":"","ast-site-content-layout":"full-width-container","site-content-style":"default","site-sidebar-style":"default","ast-global-header-display":"","ast-banner-title-visibility":"","ast-main-header-display":"","ast-hfb-above-header-display":"","ast-hfb-below-header-display":"","ast-hfb-mobile-header-display":"","site-post-title":"disabled","ast-breadcrumbs-content":"","ast-featured-img":"disabled","footer-sml-layout":"","ast-disable-related-posts":"","theme-transparent-header-meta":"","adv-header-id-meta":"","stick-header-meta":"","header-above-stick-meta":"","header-main-stick-meta":"","header-below-stick-meta":"","astra-migrate-meta-layouts":"default","ast-page-background-enabled":"default","ast-page-background-meta":{"desktop":{"background-color":"var(--ast-global-color-4)","background-image":"","background-repeat":"repeat","background-position":"center center","background-size":"auto","background-attachment":"scroll","background-type":"","background-media":"","overlay-type":"","overlay-color":"","overlay-opacity":"","overlay-gradient":""},"tablet":{"background-color":"","background-image":"","background-repeat":"repeat","background-position":"center center","background-size":"auto","background-attachment":"scroll","background-type":"","background-media":"","overlay-type":"","overlay-color":"","overlay-opacity":"","overlay-gradient":""},"mobile":{"background-color":"","background-image":"","background-repeat":"repeat","background-position":"center center","background-size":"auto","background-attachment":"scroll","background-type":"","background-media":"","overlay-type":"","overlay-color":"","overlay-opacity":"","overlay-gradient":""}},"ast-content-background-meta":{"desktop":{"background-color":"var(--ast-global-color-5)","background-image":"","background-repeat":"repeat","background-position":"center center","background-size":"auto","background-attachment":"scroll","background-type":"","background-media":"","overlay-type":"","overlay-color":"","overlay-opacity":"","overlay-gradient":""},"tablet":{"background-color":"var(--ast-global-color-5)","background-image":"","background-repeat":"repeat","background-position":"center center","background-size":"auto","background-attachment":"scroll","background-type":"","background-media":"","overlay-type":"","overlay-color":"","overlay-opacity":"","overlay-gradient":""},"mobile":{"background-color":"var(--ast-global-color-5)","background-image":"","background-repeat":"repeat","background-position":"center center","background-size":"auto","background-attachment":"scroll","background-type":"","background-media":"","overlay-type":"","overlay-color":"","overlay-opacity":"","overlay-gradient":""}},"footnotes":""},"class_list":["post-2314","page","type-page","status-publish","hentry"],"aioseo_notices":[],"_hostinger_reach_plugin_has_subscription_block":false,"_hostinger_reach_plugin_is_elementor":false,"uagb_featured_image_src":{"full":false,"thumbnail":false,"medium":false,"medium_large":false,"large":false,"1536x1536":false,"2048x2048":false},"uagb_author_info":{"display_name":"parkiigo.com","author_link":"https:\/\/parkiigo.com\/blog\/author\/parkiigo-com\/"},"uagb_comment_info":0,"uagb_excerpt":"Nuestras Novedades En Parkii Go mejoramos constantemente. Por eso te contamos los nuevos desarrollos en nuestra plataforma","_links":{"self":[{"href":"https:\/\/parkiigo.com\/blog\/wp-json\/wp\/v2\/pages\/2314","targetHints":{"allow":["GET"]}}],"collection":[{"href":"https:\/\/parkiigo.com\/blog\/wp-json\/wp\/v2\/pages"}],"about":[{"href":"https:\/\/parkiigo.com\/blog\/wp-json\/wp\/v2\/types\/page"}],"author":[{"embeddable":true,"href":"https:\/\/parkiigo.com\/blog\/wp-json\/wp\/v2\/users\/1"}],"replies":[{"embeddable":true,"href":"https:\/\/parkiigo.com\/blog\/wp-json\/wp\/v2\/comments?post=2314"}],"version-history":[{"count":47,"href":"https:\/\/parkiigo.com\/blog\/wp-json\/wp\/v2\/pages\/2314\/revisions"}],"predecessor-version":[{"id":2450,"href":"https:\/\/parkiigo.com\/blog\/wp-json\/wp\/v2\/pages\/2314\/revisions\/2450"}],"wp:attachment":[{"href":"https:\/\/parkiigo.com\/blog\/wp-json\/wp\/v2\/media?parent=2314"}],"curies":[{"name":"wp","href":"https:\/\/api.w.org\/{rel}","templated":true}]}}